{"id":140,"date":"2024-04-30T11:12:32","date_gmt":"2024-04-30T09:12:32","guid":{"rendered":"https:\/\/katzjaeger.at\/webshop\/weinlandbaecker\/?page_id=140"},"modified":"2024-04-30T14:05:44","modified_gmt":"2024-04-30T12:05:44","slug":"produktion","status":"publish","type":"page","link":"https:\/\/katzjaeger.at\/webshop\/weinlandbaecker\/produktion\/","title":{"rendered":"Produktion"},"content":{"rendered":"\n<p>Der Familienbetrieb Katzj\u00e4ger wurde 1953 gegr\u00fcndet und 1983 vom derzeitigen Chef Franz Katzj\u00e4ger \u00fcbernommen.<\/p>\n\n\n\n<p>Insgesamt besch\u00e4ftigt das Unternehmen derzeit 24 Mitarbeiter, die auf die zwei Filialen in Eibiswald und Wies verteilt sind.<\/p>\n\n\n\n<div class=\"wp-block-columns is-layout-flex wp-container-core-columns-is-layout-9d6595d7 wp-block-columns-is-layout-flex\">\n<div class=\"wp-block-column is-layout-flow wp-block-column-is-layout-flow\">\n<figure class=\"wp-block-image size-full is-resized\"><img loading=\"lazy\" decoding=\"async\" width=\"150\" height=\"97\" src=\"https:\/\/katzjaeger.at\/webshop\/weinlandbaecker\/wp-content\/uploads\/sites\/4\/2024\/04\/image-5.png\" alt=\"\" class=\"wp-image-142\" style=\"width:414px;height:auto\"\/><\/figure>\n<\/div>\n\n\n\n<div class=\"wp-block-column is-layout-flow wp-block-column-is-layout-flow\">\n<p><br><br><br><br><br><br><br>Bild des Stammhauses in den 1950er-Jahren.<\/p>\n<\/div>\n<\/div>\n\n\n\n<p><strong>Hier k\u00f6nnen Sie uns bei der Produktion \u00fcber die Schulter schauen:<\/strong><\/p>\n\n\n\n<figure class=\"wp-block-embed is-type-video is-provider-youtube wp-block-embed-youtube wp-embed-aspect-16-9 wp-has-aspect-ratio\"><div class=\"wp-block-embed__wrapper\">\n<iframe loading=\"lazy\" title=\"Weinlandb\u00e4cker Produktion (Handkaiser, Kipferln, Plunder)\" width=\"1000\" height=\"563\" src=\"https:\/\/www.youtube.com\/embed\/rnCr-p05xLY?feature=oembed\" frameborder=\"0\" allow=\"accelerometer; autoplay; clipboard-write; encrypted-media; gyroscope; picture-in-picture; web-share\" referrerpolicy=\"strict-origin-when-cross-origin\" allowfullscreen><\/iframe>\n<\/div><\/figure>\n\n\n\n<figure class=\"wp-block-embed is-type-video is-provider-youtube wp-block-embed-youtube wp-embed-aspect-16-9 wp-has-aspect-ratio\"><div class=\"wp-block-embed__wrapper\">\n<iframe loading=\"lazy\" title=\"Thema der Woche Allerheiligenstriezel\" width=\"1000\" height=\"563\" src=\"https:\/\/www.youtube.com\/embed\/czAPwct9Zkw?feature=oembed\" frameborder=\"0\" allow=\"accelerometer; autoplay; clipboard-write; encrypted-media; gyroscope; picture-in-picture; web-share\" referrerpolicy=\"strict-origin-when-cross-origin\" allowfullscreen><\/iframe>\n<\/div><\/figure>\n","protected":false},"excerpt":{"rendered":"<p>Der Familienbetrieb Katzj\u00e4ger wurde 1953 gegr\u00fcndet und 1983 vom derzeitigen Chef Franz Katzj\u00e4ger \u00fcbernommen. Insgesamt besch\u00e4ftigt das Unternehmen derzeit 24 Mitarbeiter, die auf die zwei Filialen in Eibiswald und Wies verteilt sind. Bild des Stammhauses in den 1950er-Jahren. Hier k\u00f6nnen Sie uns bei der Produktion \u00fcber die Schulter schauen:<\/p>\n","protected":false},"author":1,"featured_media":0,"parent":0,"menu_order":2,"comment_status":"closed","ping_status":"closed","template":"","meta":{"footnotes":""},"class_list":["post-140","page","type-page","status-publish","hentry"],"_links":{"self":[{"href":"https:\/\/katzjaeger.at\/webshop\/weinlandbaecker\/wp-json\/wp\/v2\/pages\/140","targetHints":{"allow":["GET"]}}],"collection":[{"href":"https:\/\/katzjaeger.at\/webshop\/weinlandbaecker\/wp-json\/wp\/v2\/pages"}],"about":[{"href":"https:\/\/katzjaeger.at\/webshop\/weinlandbaecker\/wp-json\/wp\/v2\/types\/page"}],"author":[{"embeddable":true,"href":"https:\/\/katzjaeger.at\/webshop\/weinlandbaecker\/wp-json\/wp\/v2\/users\/1"}],"replies":[{"embeddable":true,"href":"https:\/\/katzjaeger.at\/webshop\/weinlandbaecker\/wp-json\/wp\/v2\/comments?post=140"}],"version-history":[{"count":4,"href":"https:\/\/katzjaeger.at\/webshop\/weinlandbaecker\/wp-json\/wp\/v2\/pages\/140\/revisions"}],"predecessor-version":[{"id":177,"href":"https:\/\/katzjaeger.at\/webshop\/weinlandbaecker\/wp-json\/wp\/v2\/pages\/140\/revisions\/177"}],"wp:attachment":[{"href":"https:\/\/katzjaeger.at\/webshop\/weinlandbaecker\/wp-json\/wp\/v2\/media?parent=140"}],"curies":[{"name":"wp","href":"https:\/\/api.w.org\/{rel}","templated":true}]}}