{"id":165,"date":"2024-04-30T11:37:10","date_gmt":"2024-04-30T09:37:10","guid":{"rendered":"https:\/\/katzjaeger.at\/webshop\/weinlandbaecker\/?page_id=165"},"modified":"2024-04-30T11:37:33","modified_gmt":"2024-04-30T09:37:33","slug":"kontakt","status":"publish","type":"page","link":"https:\/\/katzjaeger.at\/webshop\/weinlandbaecker\/kontakt\/","title":{"rendered":"Kontakt"},"content":{"rendered":"\n<p>B\u00e4ckerei Katzj\u00e4ger<br>Eibiswald 84<br>8552 Eibiswald <br>b\u00e4ckerei@katzjaeger.at<br>+43 3466 422 79<\/p>\n\n\n\n<p><\/p>\n","protected":false},"excerpt":{"rendered":"<p>B\u00e4ckerei Katzj\u00e4gerEibiswald 848552 Eibiswald b\u00e4ckerei@katzjaeger.at+43 3466 422 79<\/p>\n","protected":false},"author":1,"featured_media":0,"parent":0,"menu_order":5,"comment_status":"closed","ping_status":"closed","template":"","meta":{"footnotes":""},"class_list":["post-165","page","type-page","status-publish","hentry"],"_links":{"self":[{"href":"https:\/\/katzjaeger.at\/webshop\/weinlandbaecker\/wp-json\/wp\/v2\/pages\/165","targetHints":{"allow":["GET"]}}],"collection":[{"href":"https:\/\/katzjaeger.at\/webshop\/weinlandbaecker\/wp-json\/wp\/v2\/pages"}],"about":[{"href":"https:\/\/katzjaeger.at\/webshop\/weinlandbaecker\/wp-json\/wp\/v2\/types\/page"}],"author":[{"embeddable":true,"href":"https:\/\/katzjaeger.at\/webshop\/weinlandbaecker\/wp-json\/wp\/v2\/users\/1"}],"replies":[{"embeddable":true,"href":"https:\/\/katzjaeger.at\/webshop\/weinlandbaecker\/wp-json\/wp\/v2\/comments?post=165"}],"version-history":[{"count":1,"href":"https:\/\/katzjaeger.at\/webshop\/weinlandbaecker\/wp-json\/wp\/v2\/pages\/165\/revisions"}],"predecessor-version":[{"id":166,"href":"https:\/\/katzjaeger.at\/webshop\/weinlandbaecker\/wp-json\/wp\/v2\/pages\/165\/revisions\/166"}],"wp:attachment":[{"href":"https:\/\/katzjaeger.at\/webshop\/weinlandbaecker\/wp-json\/wp\/v2\/media?parent=165"}],"curies":[{"name":"wp","href":"https:\/\/api.w.org\/{rel}","templated":true}]}}