{"id":168,"date":"2024-04-30T11:40:08","date_gmt":"2024-04-30T09:40:08","guid":{"rendered":"https:\/\/katzjaeger.at\/webshop\/weinlandbaecker\/?page_id=168"},"modified":"2024-04-30T11:40:38","modified_gmt":"2024-04-30T09:40:38","slug":"impressum","status":"publish","type":"page","link":"https:\/\/katzjaeger.at\/webshop\/weinlandbaecker\/impressum\/","title":{"rendered":"Impressum"},"content":{"rendered":"\n<p>Informationspflicht laut \u00a75 E-Commerce Gesetz, \u00a714 Unternehmensgesetzbuch, \u00a763 Gewerbeordnung und Offenlegungspflicht laut \u00a725 Mediengesetz.<\/p>\n\n\n\n<p>B\u00e4ckerei Katzj\u00e4ger<br>Franz Katzj\u00e4ger<br>Eibiswald 28,<br>8552 Eibiswald,<br>\u00d6sterreich<\/p>\n\n\n\n<p><strong>Unternehmensgegenstand:<\/strong>&nbsp;Erzeugung von Backwaren<br><strong>UID-Nummer:<\/strong>&nbsp;ATU27258106<br><strong>Firmenbuchnummer:<\/strong>&nbsp;356198x<br><strong>Firmenbuchgericht:<\/strong>&nbsp;Graz<br><strong>Firmensitz:<\/strong>&nbsp;Eibiswald<\/p>\n\n\n\n<p><strong>Tel.:<\/strong>&nbsp;03466\/42279<br><strong>E-Mail:<\/strong>&nbsp;<a href=\"mailto:baeckerei@katzjaeger.at\">baeckerei@katzjaeger.at<\/a><\/p>\n\n\n\n<p><strong>Mitglied bei:<\/strong>&nbsp;WKO, Landesinnung f\u00fcr das Lebensmittelgewerbe,<br><strong>Berufsrecht:<\/strong>&nbsp;Gewerbeordnung: www.ris.bka.gv.at<\/p>\n\n\n\n<p><strong>Aufsichtsbeh\u00f6rde\/Gewerbebeh\u00f6rde:<\/strong>&nbsp;Bezirkshauptmannschaft Deutschlandsberg<br><strong>Berufsbezeichnung:<\/strong> B\u00e4ckermeister, Gastwirt<br><strong>Verleihungsstaat:<\/strong>&nbsp;\u00d6sterreich<\/p>\n\n\n\n<p>Quelle: Erstellt&nbsp;mit dem&nbsp;<a href=\"https:\/\/www.firmenwebseiten.at\/impressum-generator\/\" target=\"_blank\" rel=\"noreferrer noopener\">Impressum Generator von firmenwebseiten.at<\/a>&nbsp;in Kooperation mit&nbsp;<a href=\"https:\/\/www.valuemobiles.at\/\" target=\"_blank\" rel=\"noreferrer noopener\">valuemobiles.at<\/a><\/p>\n\n\n\n<h2 class=\"wp-block-heading\">EU-Streitschlichtung<\/h2>\n\n\n\n<p>Angaben zur Online-Streitbeilegung: Verbraucher haben die M\u00f6glichkeit, Beschwerden an die OnlineStreitbeilegungsplattform der EU zu richten:&nbsp;<a href=\"https:\/\/ec.europa.eu\/consumers\/odr\/main\/index.cfm?event=main.home2.show&amp;lng=DE\">https:\/\/ec.europa.eu\/consumers\/odr\/main\/index.cfm?event=main.home2.show&amp;lng=DE<\/a>. Sie k\u00f6nnen allf\u00e4llige Beschwerde auch an die oben angegebene E-Mail-Adresse richten.<\/p>\n\n\n\n<h2 class=\"wp-block-heading\">Haftung f\u00fcr Inhalte dieser Webseite<\/h2>\n\n\n\n<p>Wir entwickeln die Inhalte dieser Webseite st\u00e4ndig weiter und bem\u00fchen uns korrekte und aktuelle Informationen bereitzustellen. Leider k\u00f6nnen wir keine Haftung f\u00fcr die Korrektheit aller Inhalte auf dieser Webseite \u00fcbernehmen, speziell f\u00fcr jene die seitens Dritter bereitgestellt wird. Sollten Ihnen problematische oder rechtswidrige Inhalte auffallen, bitte wir Sie uns umgehend zu kontaktieren, Sie finden die Kontaktdaten im Impressum.<\/p>\n\n\n\n<h2 class=\"wp-block-heading\">Haftung f\u00fcr Links auf dieser Webseite<\/h2>\n\n\n\n<p>Unsere Webseite enth\u00e4lt Links zu anderen Webseiten f\u00fcr deren Inhalt wir nicht verantwortlich sind. Wenn Ihnen rechtswidrige Links auf unserer Webseite auffallen, bitte wir Sie uns zu kontakieren, Sie finden die Kontaktdaten im Impressum.<\/p>\n\n\n\n<h2 class=\"wp-block-heading\">Urheberrechtshinweis<\/h2>\n\n\n\n<p>Alle Inhalte dieser Webseite (Bilder, Fotos, Texte, Videos) unterliegen dem Urheberrecht. Falls notwendig, werden wir die unerlaubte Nutzung von Teilen der Inhalte unserer Seite rechtlich verfolgen.<\/p>\n","protected":false},"excerpt":{"rendered":"<p>Informationspflicht laut \u00a75 E-Commerce Gesetz, \u00a714 Unternehmensgesetzbuch, \u00a763 Gewerbeordnung und Offenlegungspflicht laut \u00a725 Mediengesetz. B\u00e4ckerei Katzj\u00e4gerFranz Katzj\u00e4gerEibiswald 28,8552 Eibiswald,\u00d6sterreich Unternehmensgegenstand:&nbsp;Erzeugung von BackwarenUID-Nummer:&nbsp;ATU27258106Firmenbuchnummer:&nbsp;356198xFirmenbuchgericht:&nbsp;GrazFirmensitz:&nbsp;Eibiswald Tel.:&nbsp;03466\/42279E-Mail:&nbsp;baeckerei@katzjaeger.at Mitglied bei:&nbsp;WKO, Landesinnung f\u00fcr das Lebensmittelgewerbe,Berufsrecht:&nbsp;Gewerbeordnung: www.ris.bka.gv.at Aufsichtsbeh\u00f6rde\/Gewerbebeh\u00f6rde:&nbsp;Bezirkshauptmannschaft DeutschlandsbergBerufsbezeichnung: B\u00e4ckermeister, GastwirtVerleihungsstaat:&nbsp;\u00d6sterreich Quelle: Erstellt&nbsp;mit dem&nbsp;Impressum Generator von firmenwebseiten.at&nbsp;in Kooperation mit&nbsp;valuemobiles.at EU-Streitschlichtung Angaben zur Online-Streitbeilegung: Verbraucher haben die M\u00f6glichkeit, Beschwerden an die OnlineStreitbeilegungsplattform der&#8230;<\/p>\n","protected":false},"author":1,"featured_media":0,"parent":0,"menu_order":6,"comment_status":"closed","ping_status":"closed","template":"","meta":{"footnotes":""},"class_list":["post-168","page","type-page","status-publish","hentry"],"_links":{"self":[{"href":"https:\/\/katzjaeger.at\/webshop\/weinlandbaecker\/wp-json\/wp\/v2\/pages\/168","targetHints":{"allow":["GET"]}}],"collection":[{"href":"https:\/\/katzjaeger.at\/webshop\/weinlandbaecker\/wp-json\/wp\/v2\/pages"}],"about":[{"href":"https:\/\/katzjaeger.at\/webshop\/weinlandbaecker\/wp-json\/wp\/v2\/types\/page"}],"author":[{"embeddable":true,"href":"https:\/\/katzjaeger.at\/webshop\/weinlandbaecker\/wp-json\/wp\/v2\/users\/1"}],"replies":[{"embeddable":true,"href":"https:\/\/katzjaeger.at\/webshop\/weinlandbaecker\/wp-json\/wp\/v2\/comments?post=168"}],"version-history":[{"count":1,"href":"https:\/\/katzjaeger.at\/webshop\/weinlandbaecker\/wp-json\/wp\/v2\/pages\/168\/revisions"}],"predecessor-version":[{"id":169,"href":"https:\/\/katzjaeger.at\/webshop\/weinlandbaecker\/wp-json\/wp\/v2\/pages\/168\/revisions\/169"}],"wp:attachment":[{"href":"https:\/\/katzjaeger.at\/webshop\/weinlandbaecker\/wp-json\/wp\/v2\/media?parent=168"}],"curies":[{"name":"wp","href":"https:\/\/api.w.org\/{rel}","templated":true}]}}