{"id":36,"date":"2024-04-29T22:22:58","date_gmt":"2024-04-29T20:22:58","guid":{"rendered":"https:\/\/katzjaeger.at\/webshop\/weinlandbaecker\/?page_id=36"},"modified":"2025-10-11T10:06:33","modified_gmt":"2025-10-11T08:06:33","slug":"fruehstueck","status":"publish","type":"page","link":"https:\/\/katzjaeger.at\/webshop\/weinlandbaecker\/fruehstueck\/","title":{"rendered":"Fr\u00fchst\u00fcck"},"content":{"rendered":"\n<p><strong>Fr\u00fchst\u00fccksangebote<\/strong><\/p>\n\n\n\n<div class=\"wp-block-columns is-layout-flex wp-container-core-columns-is-layout-9d6595d7 wp-block-columns-is-layout-flex\">\n<div class=\"wp-block-column is-layout-flow wp-block-column-is-layout-flow\">\n<p><strong>K\u00e4sefr\u00fchst\u00fcck<\/strong><br>1 Tasse Kaffee, Tee oder Hei\u00dfe Schokolade,<br>1 Portion Dreierlei K\u00e4se,<br>1 Portion Butter und 1 Aufstrich<br>1 Glas Orangensaft,<br>2 St\u00fcck knuspriges Geb\u00e4ck.<br><strong>Preis: EUR 6,90<\/strong><\/p>\n<\/div>\n\n\n\n<div class=\"wp-block-column is-layout-flow wp-block-column-is-layout-flow\">\n<figure class=\"wp-block-image size-full is-resized\"><img loading=\"lazy\" decoding=\"async\" width=\"200\" height=\"150\" src=\"https:\/\/katzjaeger.at\/webshop\/weinlandbaecker\/wp-content\/uploads\/sites\/4\/2024\/04\/image.png\" alt=\"\" class=\"wp-image-104\" style=\"width:269px;height:auto\"\/><\/figure>\n<\/div>\n<\/div>\n\n\n\n<div class=\"wp-block-columns is-layout-flex wp-container-core-columns-is-layout-9d6595d7 wp-block-columns-is-layout-flex\">\n<div class=\"wp-block-column is-layout-flow wp-block-column-is-layout-flow\">\n<p><strong><strong>Pariser Fr\u00fchst\u00fcck<\/strong><\/strong><br>1 Kanne Kaffee, Tee oder Hei\u00dfe Schokolade,<br>1 Portion Butter,<br>2 Portionen Marmelade,<br>2 St\u00fcck Buttercroissants.<br><strong>Preis: EUR 6,10<\/strong><\/p>\n<\/div>\n\n\n\n<div class=\"wp-block-column is-layout-flow wp-block-column-is-layout-flow\">\n<figure class=\"wp-block-image size-full is-resized\"><img loading=\"lazy\" decoding=\"async\" width=\"200\" height=\"150\" src=\"https:\/\/katzjaeger.at\/webshop\/weinlandbaecker\/wp-content\/uploads\/sites\/4\/2024\/04\/image-1.png\" alt=\"\" class=\"wp-image-105\" style=\"width:273px;height:auto\"\/><\/figure>\n<\/div>\n<\/div>\n\n\n\n<div class=\"wp-block-columns is-layout-flex wp-container-core-columns-is-layout-9d6595d7 wp-block-columns-is-layout-flex\">\n<div class=\"wp-block-column is-layout-flow wp-block-column-is-layout-flow\">\n<p><strong><strong>Weinlandfr\u00fchst\u00fcck<\/strong><\/strong><br>1 Kanne Kaffee, Tee oder Hei\u00dfe Schokolade,<br> Portion Schinken, Salami und K\u00e4se,<br>2 Portionen Butter und 1 Portion Marmelade,<br>1 weichgekochtes Fr\u00fchst\u00fccksei,<br>1 Glas Orangensaft,<br>3 St\u00fcck knuspriges Geb\u00e4ck.<br><strong>Preis: EUR 9,80<\/strong><\/p>\n<\/div>\n\n\n\n<div class=\"wp-block-column is-layout-flow wp-block-column-is-layout-flow\">\n<figure class=\"wp-block-image size-full is-resized\"><img loading=\"lazy\" decoding=\"async\" width=\"200\" height=\"150\" src=\"https:\/\/katzjaeger.at\/webshop\/weinlandbaecker\/wp-content\/uploads\/sites\/4\/2024\/04\/image-2.png\" alt=\"\" class=\"wp-image-106\" style=\"width:279px;height:auto\"\/><\/figure>\n<\/div>\n<\/div>\n\n\n\n<div class=\"wp-block-columns is-layout-flex wp-container-core-columns-is-layout-9d6595d7 wp-block-columns-is-layout-flex\">\n<div class=\"wp-block-column is-layout-flow wp-block-column-is-layout-flow\">\n<p><strong><strong>Wiener Fr\u00fchst\u00fcck<\/strong><\/strong><br>1 Kanne Kaffee, Tee oder Hei\u00dfe Schokolade,<br>1 Portion Butter,<br>2 Portionen Marmelade,<br>2 St\u00fcck knuspriges Geb\u00e4ck.<br><strong>Preis: EUR 5,80<\/strong><\/p>\n<\/div>\n\n\n\n<div class=\"wp-block-column is-layout-flow wp-block-column-is-layout-flow\">\n<figure class=\"wp-block-image size-full is-resized\"><img loading=\"lazy\" decoding=\"async\" width=\"200\" height=\"150\" src=\"https:\/\/katzjaeger.at\/webshop\/weinlandbaecker\/wp-content\/uploads\/sites\/4\/2024\/04\/image-3.png\" alt=\"\" class=\"wp-image-107\" style=\"width:288px;height:auto\"\/><\/figure>\n<\/div>\n<\/div>\n\n\n\n<div class=\"wp-block-columns is-layout-flex wp-container-core-columns-is-layout-9d6595d7 wp-block-columns-is-layout-flex\">\n<div class=\"wp-block-column is-layout-flow wp-block-column-is-layout-flow\">\n<p><strong><strong>Vital Fr\u00fchst\u00fcck<\/strong><\/strong><br>1 Kanne Kaffee, Tee oder Hei\u00dfe Schokolade,<br>2 Blatt Schinken, 2 Blatt K\u00e4se, Aufstrich,                    Butter, Marmelade und 1 Portion Naturjoghurt mit Fr\u00fcchten und Knusperm\u00fcsli<br>2 St\u00fcck knuspriges Geb\u00e4ck.<br><strong>Preis: EUR 7,50<\/strong><\/p>\n<\/div>\n\n\n\n<div class=\"wp-block-column is-layout-flow wp-block-column-is-layout-flow\">\n<figure class=\"wp-block-image size-full is-resized\"><img loading=\"lazy\" decoding=\"async\" width=\"200\" height=\"150\" src=\"https:\/\/katzjaeger.at\/webshop\/weinlandbaecker\/wp-content\/uploads\/sites\/4\/2024\/04\/image-3.png\" alt=\"\" class=\"wp-image-107\" style=\"width:289px;height:auto\"\/><\/figure>\n<\/div>\n<\/div>\n","protected":false},"excerpt":{"rendered":"<p>Fr\u00fchst\u00fccksangebote K\u00e4sefr\u00fchst\u00fcck1 Tasse Kaffee, Tee oder Hei\u00dfe Schokolade,1 Portion Dreierlei K\u00e4se,1 Portion Butter und 1 Aufstrich1 Glas Orangensaft,2 St\u00fcck knuspriges Geb\u00e4ck.Preis: EUR 6,90 Pariser Fr\u00fchst\u00fcck1 Kanne Kaffee, Tee oder Hei\u00dfe Schokolade,1 Portion Butter,2 Portionen Marmelade,2 St\u00fcck Buttercroissants.Preis: EUR 6,10 Weinlandfr\u00fchst\u00fcck1 Kanne Kaffee, Tee oder Hei\u00dfe Schokolade, Portion Schinken, Salami und K\u00e4se,2 Portionen Butter und 1&#8230;<\/p>\n","protected":false},"author":1,"featured_media":0,"parent":0,"menu_order":0,"comment_status":"closed","ping_status":"closed","template":"","meta":{"footnotes":""},"class_list":["post-36","page","type-page","status-publish","hentry"],"_links":{"self":[{"href":"https:\/\/katzjaeger.at\/webshop\/weinlandbaecker\/wp-json\/wp\/v2\/pages\/36","targetHints":{"allow":["GET"]}}],"collection":[{"href":"https:\/\/katzjaeger.at\/webshop\/weinlandbaecker\/wp-json\/wp\/v2\/pages"}],"about":[{"href":"https:\/\/katzjaeger.at\/webshop\/weinlandbaecker\/wp-json\/wp\/v2\/types\/page"}],"author":[{"embeddable":true,"href":"https:\/\/katzjaeger.at\/webshop\/weinlandbaecker\/wp-json\/wp\/v2\/users\/1"}],"replies":[{"embeddable":true,"href":"https:\/\/katzjaeger.at\/webshop\/weinlandbaecker\/wp-json\/wp\/v2\/comments?post=36"}],"version-history":[{"count":5,"href":"https:\/\/katzjaeger.at\/webshop\/weinlandbaecker\/wp-json\/wp\/v2\/pages\/36\/revisions"}],"predecessor-version":[{"id":211,"href":"https:\/\/katzjaeger.at\/webshop\/weinlandbaecker\/wp-json\/wp\/v2\/pages\/36\/revisions\/211"}],"wp:attachment":[{"href":"https:\/\/katzjaeger.at\/webshop\/weinlandbaecker\/wp-json\/wp\/v2\/media?parent=36"}],"curies":[{"name":"wp","href":"https:\/\/api.w.org\/{rel}","templated":true}]}}