{"id":5,"date":"2024-04-29T22:07:58","date_gmt":"2024-04-29T20:07:58","guid":{"rendered":"https:\/\/katzjaeger.at\/webshop\/weinlandbaecker\/?page_id=5"},"modified":"2024-05-01T23:21:44","modified_gmt":"2024-05-01T21:21:44","slug":"startseite","status":"publish","type":"page","link":"https:\/\/katzjaeger.at\/webshop\/weinlandbaecker\/","title":{"rendered":"Startseite"},"content":{"rendered":"\n<p class=\"has-large-font-size\"><strong>Herzlich willkommen \u2026<\/strong><\/p>\n\n\n\n<p>Wenn die ersten Kunden vor Sonnenaufgang unsere B\u00e4ckerei im Herzen von Eibiswald betreten, ist hier bereits der gr\u00f6\u00dfte Teil der Arbeit erledigt. Schon in den fr\u00fchen Morgenstunden laufen die Back\u00f6fen hei\u00df, um rechtzeitig frische Semmeln und Geb\u00e4ck anbieten zu k\u00f6nnen.<\/p>\n\n\n\n<p>Das Sortiment der B\u00e4ckerei wurde im Laufe der Jahre vielfach erweitert, sodass die Kunden aus einem reichhaltigen Angebot ausw\u00e4hlen k\u00f6nnen. Die Produktpalette der Weinlandb\u00e4ckerei Katzj\u00e4ger reicht vom herk\u00f6mmlichen Brot und Geb\u00e4ck bis hin zu leckeren Erdbeerschnitten, Schaumrollen und kleinen Snacks.<\/p>\n\n\n\n<figure class=\"wp-block-image size-full\"><img loading=\"lazy\" decoding=\"async\" width=\"960\" height=\"640\" src=\"https:\/\/katzjaeger.at\/webshop\/weinlandbaecker\/wp-content\/uploads\/sites\/4\/2024\/04\/ambiente_7772.jpg\" alt=\"\" class=\"wp-image-16\" srcset=\"https:\/\/katzjaeger.at\/webshop\/weinlandbaecker\/wp-content\/uploads\/sites\/4\/2024\/04\/ambiente_7772.jpg 960w, https:\/\/katzjaeger.at\/webshop\/weinlandbaecker\/wp-content\/uploads\/sites\/4\/2024\/04\/ambiente_7772-300x200.jpg 300w, https:\/\/katzjaeger.at\/webshop\/weinlandbaecker\/wp-content\/uploads\/sites\/4\/2024\/04\/ambiente_7772-768x512.jpg 768w\" sizes=\"auto, (max-width: 960px) 100vw, 960px\" \/><\/figure>\n\n\n\n<h2 class=\"wp-block-heading has-x-large-font-size\">Webshop<\/h2>\n\n\n\n<div class=\"wp-block-columns is-layout-flex wp-container-core-columns-is-layout-9d6595d7 wp-block-columns-is-layout-flex\">\n<div class=\"wp-block-column is-layout-flow wp-block-column-is-layout-flow\">\n<p class=\"has-medium-font-size\">Falls sie Besucher am <strong>\u00d6lspur Camping<\/strong> sind, k\u00f6nnen sie sich mittels unseres Webshops direkt ihr Fr\u00fchst\u00fccksgeb\u00e4ck bestellen, welches dann zum gew\u00fcnschten Datum geliefert wird. N\u00e4heres dazu finden sie auf unseren Webshop unter folgenden Link: <a href=\"https:\/\/katzjaeger.at\/webshop\/\">https:\/\/katzjaeger.at\/webshop\/<\/a> oder einfach auf das rechtsb\u00fcndige Bild klicken. <\/p>\n<\/div>\n\n\n\n<div class=\"wp-block-column is-layout-flow wp-block-column-is-layout-flow\" style=\"flex-basis:275px\">\n<figure class=\"wp-block-image size-full is-resized\"><a href=\"https:\/\/katzjaeger.at\/webshop\/ \" target=\"_blank\" rel=\"https:\/\/katzjaeger.at\/webshop\/ noopener\"><img loading=\"lazy\" decoding=\"async\" width=\"976\" height=\"550\" src=\"https:\/\/katzjaeger.at\/webshop\/weinlandbaecker\/wp-content\/uploads\/sites\/4\/2024\/05\/Unbenannt.jpg\" alt=\"\" class=\"wp-image-193\" style=\"width:267px;height:auto\" srcset=\"https:\/\/katzjaeger.at\/webshop\/weinlandbaecker\/wp-content\/uploads\/sites\/4\/2024\/05\/Unbenannt.jpg 976w, https:\/\/katzjaeger.at\/webshop\/weinlandbaecker\/wp-content\/uploads\/sites\/4\/2024\/05\/Unbenannt-300x169.jpg 300w, https:\/\/katzjaeger.at\/webshop\/weinlandbaecker\/wp-content\/uploads\/sites\/4\/2024\/05\/Unbenannt-768x433.jpg 768w\" sizes=\"auto, (max-width: 976px) 100vw, 976px\" \/><\/a><\/figure>\n<\/div>\n<\/div>\n\n\n\n<p><\/p>\n","protected":false},"excerpt":{"rendered":"<p>Herzlich willkommen \u2026 Wenn die ersten Kunden vor Sonnenaufgang unsere B\u00e4ckerei im Herzen von Eibiswald betreten, ist hier bereits der gr\u00f6\u00dfte Teil der Arbeit erledigt. Schon in den fr\u00fchen Morgenstunden laufen die Back\u00f6fen hei\u00df, um rechtzeitig frische Semmeln und Geb\u00e4ck anbieten zu k\u00f6nnen. Das Sortiment der B\u00e4ckerei wurde im Laufe der Jahre vielfach erweitert, sodass&#8230;<\/p>\n","protected":false},"author":1,"featured_media":0,"parent":0,"menu_order":0,"comment_status":"closed","ping_status":"closed","template":"","meta":{"footnotes":""},"class_list":["post-5","page","type-page","status-publish","hentry"],"_links":{"self":[{"href":"https:\/\/katzjaeger.at\/webshop\/weinlandbaecker\/wp-json\/wp\/v2\/pages\/5","targetHints":{"allow":["GET"]}}],"collection":[{"href":"https:\/\/katzjaeger.at\/webshop\/weinlandbaecker\/wp-json\/wp\/v2\/pages"}],"about":[{"href":"https:\/\/katzjaeger.at\/webshop\/weinlandbaecker\/wp-json\/wp\/v2\/types\/page"}],"author":[{"embeddable":true,"href":"https:\/\/katzjaeger.at\/webshop\/weinlandbaecker\/wp-json\/wp\/v2\/users\/1"}],"replies":[{"embeddable":true,"href":"https:\/\/katzjaeger.at\/webshop\/weinlandbaecker\/wp-json\/wp\/v2\/comments?post=5"}],"version-history":[{"count":21,"href":"https:\/\/katzjaeger.at\/webshop\/weinlandbaecker\/wp-json\/wp\/v2\/pages\/5\/revisions"}],"predecessor-version":[{"id":204,"href":"https:\/\/katzjaeger.at\/webshop\/weinlandbaecker\/wp-json\/wp\/v2\/pages\/5\/revisions\/204"}],"wp:attachment":[{"href":"https:\/\/katzjaeger.at\/webshop\/weinlandbaecker\/wp-json\/wp\/v2\/media?parent=5"}],"curies":[{"name":"wp","href":"https:\/\/api.w.org\/{rel}","templated":true}]}}