


{"id":186,"date":"2018-05-14T15:55:26","date_gmt":"2018-05-14T13:55:26","guid":{"rendered":"https:\/\/camping.katzjaeger.at\/?page_id=186"},"modified":"2018-05-15T17:55:35","modified_gmt":"2018-05-15T15:55:35","slug":"impressum","status":"publish","type":"page","link":"https:\/\/katzjaeger.at\/webshop\/impressum\/","title":{"rendered":"Impressum"},"content":{"rendered":"<p>Informationspflicht laut \u00a75 E-Commerce Gesetz, \u00a714 Unternehmensgesetzbuch, \u00a763 Gewerbeordnung und Offenlegungspflicht laut \u00a725 Mediengesetz.<\/p>\n<p>B\u00e4ckerei Katzj\u00e4ger<br \/>\nFranz Katzj\u00e4ger<br \/>\nEibiswald 28,<br \/>\n8552 Eibiswald,<br \/>\n\u00d6sterreich<\/p>\n<p><strong>Unternehmensgegenstand:<\/strong>\u00a0Erzeugung von Backwaren<br \/>\n<strong>UID-Nummer:<\/strong>\u00a0ATU27258106<br \/>\n<strong>Firmenbuchnummer:<\/strong>\u00a0356198x<br \/>\n<strong>Firmenbuchgericht:<\/strong>\u00a0Graz<br \/>\n<strong>Firmensitz:<\/strong>\u00a0Eibiswald<\/p>\n<p><strong>Tel.:<\/strong>\u00a003466\/42279<br \/>\n<strong>E-Mail:<\/strong>\u00a0<a href=\"mailto:baeckerei@katzjaeger.at\">baeckerei@katzjaeger.at<\/a><\/p>\n<p><strong>Mitglied bei:<\/strong>\u00a0WKO, Landesinnung f\u00fcr das Lebensmittelgewerbe,<br \/>\n<strong>Berufsrecht:<\/strong>\u00a0Gewerbeordnung: www.ris.bka.gv.at<\/p>\n<p><strong>Aufsichtsbeh\u00f6rde\/Gewerbebeh\u00f6rde:<\/strong>\u00a0Bezirkshauptmannschaft Deutschlandsberg<br \/>\n<strong>Berufsbezeichnung:<\/strong> B\u00e4ckermeister, Gastwirt<br \/>\n<strong>Verleihungsstaat:<\/strong>\u00a0\u00d6sterreich<\/p>\n<p>Quelle: Erstellt\u00a0mit dem\u00a0<a title=\"Impressum Generator von firmenwebseiten.at\" href=\"https:\/\/www.firmenwebseiten.at\/impressum-generator\/\" target=\"_blank\" rel=\"follow noopener\">Impressum Generator von firmenwebseiten.at<\/a>\u00a0in Kooperation mit\u00a0<a class=\"external\" href=\"https:\/\/www.valuemobiles.at\/\" target=\"_blank\" rel=\"follow noopener\">valuemobiles.at<\/a><\/p>\n<h2>EU-Streitschlichtung<\/h2>\n<p>Angaben zur Online-Streitbeilegung: Verbraucher haben die M\u00f6glichkeit, Beschwerden an die OnlineStreitbeilegungsplattform der EU zu richten:\u00a0<a class=\"external\" href=\"https:\/\/ec.europa.eu\/consumers\/odr\/main\/index.cfm?event=main.home2.show&amp;lng=DE\" rel=\"nofollow\">https:\/\/ec.europa.eu\/consumers\/odr\/main\/index.cfm?event=main.home2.show&amp;lng=DE<\/a>. Sie k\u00f6nnen allf\u00e4llige Beschwerde auch an die oben angegebene E-Mail-Adresse richten.<\/p>\n<h2>Haftung f\u00fcr Inhalte dieser Webseite<\/h2>\n<p>Wir entwickeln die Inhalte dieser Webseite st\u00e4ndig weiter und bem\u00fchen uns korrekte und aktuelle Informationen bereitzustellen. Leider k\u00f6nnen wir keine Haftung f\u00fcr die Korrektheit aller Inhalte auf dieser Webseite \u00fcbernehmen, speziell f\u00fcr jene die seitens Dritter bereitgestellt wird. Sollten Ihnen problematische oder rechtswidrige Inhalte auffallen, bitte wir Sie uns umgehend zu kontaktieren, Sie finden die Kontaktdaten im Impressum.<\/p>\n<h2>Haftung f\u00fcr Links auf dieser Webseite<\/h2>\n<p>Unsere Webseite enth\u00e4lt Links zu anderen Webseiten f\u00fcr deren Inhalt wir nicht verantwortlich sind. Wenn Ihnen rechtswidrige Links auf unserer Webseite auffallen, bitte wir Sie uns zu kontakieren, Sie finden die Kontaktdaten im Impressum.<\/p>\n<h2>Urheberrechtshinweis<\/h2>\n<p>Alle Inhalte dieser Webseite (Bilder, Fotos, Texte, Videos) unterliegen dem Urheberrecht. Falls notwendig, werden wir die unerlaubte Nutzung von Teilen der Inhalte unserer Seite rechtlich verfolgen.<\/p>\n","protected":false},"excerpt":{"rendered":"<p>Informationspflicht laut \u00a75 E-Commerce Gesetz, \u00a714 Unternehmensgesetzbuch, \u00a763 Gewerbeordnung und Offenlegungspflicht laut \u00a725 Mediengesetz. B\u00e4ckerei Katzj\u00e4ger Franz Katzj\u00e4ger Eibiswald 28, 8552 Eibiswald, \u00d6sterreich Unternehmensgegenstand:\u00a0Erzeugung von Backwaren UID-Nummer:\u00a0ATU27258106 Firmenbuchnummer:\u00a0356198x Firmenbuchgericht:\u00a0Graz Firmensitz:\u00a0Eibiswald Tel.:\u00a003466\/42279 E-Mail:\u00a0baeckerei@katzjaeger.at Mitglied bei:\u00a0WKO, Landesinnung f\u00fcr das Lebensmittelgewerbe, Berufsrecht:\u00a0Gewerbeordnung: www.ris.bka.gv.at Aufsichtsbeh\u00f6rde\/Gewerbebeh\u00f6rde:\u00a0Bezirkshauptmannschaft Deutschlandsberg Berufsbezeichnung: B\u00e4ckermeister, Gastwirt Verleihungsstaat:\u00a0\u00d6sterreich Quelle: Erstellt\u00a0mit dem\u00a0Impressum Generator von firmenwebseiten.at\u00a0in Kooperation mit\u00a0valuemobiles.at EU-Streitschlichtung&#8230;<\/p>\n","protected":false},"author":1,"featured_media":0,"parent":0,"menu_order":0,"comment_status":"closed","ping_status":"closed","template":"","meta":{"footnotes":""},"class_list":["post-186","page","type-page","status-publish","hentry"],"_links":{"self":[{"href":"https:\/\/katzjaeger.at\/webshop\/wp-json\/wp\/v2\/pages\/186","targetHints":{"allow":["GET"]}}],"collection":[{"href":"https:\/\/katzjaeger.at\/webshop\/wp-json\/wp\/v2\/pages"}],"about":[{"href":"https:\/\/katzjaeger.at\/webshop\/wp-json\/wp\/v2\/types\/page"}],"author":[{"embeddable":true,"href":"https:\/\/katzjaeger.at\/webshop\/wp-json\/wp\/v2\/users\/1"}],"replies":[{"embeddable":true,"href":"https:\/\/katzjaeger.at\/webshop\/wp-json\/wp\/v2\/comments?post=186"}],"version-history":[{"count":0,"href":"https:\/\/katzjaeger.at\/webshop\/wp-json\/wp\/v2\/pages\/186\/revisions"}],"wp:attachment":[{"href":"https:\/\/katzjaeger.at\/webshop\/wp-json\/wp\/v2\/media?parent=186"}],"curies":[{"name":"wp","href":"https:\/\/api.w.org\/{rel}","templated":true}]}}