


{"id":47,"date":"2018-04-05T07:39:54","date_gmt":"2018-04-05T05:39:54","guid":{"rendered":"http:\/\/80.123.187.178\/wordpress\/?page_id=47"},"modified":"2026-04-07T08:13:52","modified_gmt":"2026-04-07T06:13:52","slug":"startseite","status":"publish","type":"page","link":"https:\/\/katzjaeger.at\/webshop\/","title":{"rendered":"HOME"},"content":{"rendered":"<h2 style=\"text-align: center;\"><strong>Heute Bestellen und morgen schon zur Abholung in Ihrer Weinlandb\u00e4ckerei bereit.\u00a0<\/strong><\/h2>\n<p>Aufgrund der aktuellen Situation m\u00f6chten wir unsere Kunden aber auch unsere Mitarbeiter durch die Reduzierung des pers\u00f6nlichen Kontaktes sch\u00fctzen. Daher ist es ab sofort m\u00f6glich Waren f\u00fcr ein bestimmtes Datum zur Abholung vorzubestellen. Die Bezahlung erfolgt ebenfalls ganz bequem hier auf diesem Online-Shop.\u00a0<\/p>\n<h4>Und so einfach wirds gemacht<\/h4>\n<ul>\n<li>Produkte im Shop ausw\u00e4hlen und in den Warenkorb geben<\/li>\n<li>Weiter zur Kasse<\/li>\n<li>Rechnungsdetails eintragen sowie Pickup-Location und das gew\u00fcnscht Abholdatum ausw\u00e4hlen<\/li>\n<li>Bestellung abschicken<\/li>\n<\/ul>\n<p>Bestellungen im Online-Shop sind t\u00e4glich von So bis Freitag zwischen 06:00 und 18:00 m\u00f6glich.<\/p>\n<hr \/>\n<p style=\"text-align: center;\">Ihre bestellten Artikel werden zum gew\u00fcnschten Abholdatum an der ausgew\u00e4hlten Pickup-Location bereitgestellt.<\/p>\n<p style=\"text-align: center;\">Haben sie den Campingplatz als Location gew\u00e4hlt, so ist die Bestellung ab 07:00 fr\u00fch an der Rezeption des\u00a0 Campingplatzes im Geb\u00e4ckskorb abholbereit.<\/p>\n<p>Eine Abholung an folgenden Tagen ist leider nicht m\u00f6glich (Die Auswahl des Datums ist an diesen Tagen nicht m\u00f6glich):\u00a0<\/p>\n<ul>\n<li>An Sonntagen ausgenommen am Muttertag und Vatertag<\/li>\n<\/ul>\n<h4 style=\"text-align: center;\"><span style=\"color: #ff0000;\"><strong>Wir freuen uns auf Ihre Bestellungen!\u00a0<\/strong><\/span><\/h4>\n\n\n<p><\/p>\n","protected":false},"excerpt":{"rendered":"<p>Heute Bestellen und morgen schon zur Abholung in Ihrer Weinlandb\u00e4ckerei bereit.\u00a0 Aufgrund der aktuellen Situation m\u00f6chten wir unsere Kunden aber auch unsere Mitarbeiter durch die Reduzierung des pers\u00f6nlichen Kontaktes sch\u00fctzen. Daher ist es ab sofort m\u00f6glich Waren f\u00fcr ein bestimmtes Datum zur Abholung vorzubestellen. Die Bezahlung erfolgt ebenfalls ganz bequem hier auf diesem Online-Shop.\u00a0 Und&#8230;<\/p>\n","protected":false},"author":1,"featured_media":0,"parent":0,"menu_order":0,"comment_status":"closed","ping_status":"closed","template":"","meta":{"footnotes":""},"class_list":["post-47","page","type-page","status-publish","hentry"],"_links":{"self":[{"href":"https:\/\/katzjaeger.at\/webshop\/wp-json\/wp\/v2\/pages\/47","targetHints":{"allow":["GET"]}}],"collection":[{"href":"https:\/\/katzjaeger.at\/webshop\/wp-json\/wp\/v2\/pages"}],"about":[{"href":"https:\/\/katzjaeger.at\/webshop\/wp-json\/wp\/v2\/types\/page"}],"author":[{"embeddable":true,"href":"https:\/\/katzjaeger.at\/webshop\/wp-json\/wp\/v2\/users\/1"}],"replies":[{"embeddable":true,"href":"https:\/\/katzjaeger.at\/webshop\/wp-json\/wp\/v2\/comments?post=47"}],"version-history":[{"count":1,"href":"https:\/\/katzjaeger.at\/webshop\/wp-json\/wp\/v2\/pages\/47\/revisions"}],"predecessor-version":[{"id":6039,"href":"https:\/\/katzjaeger.at\/webshop\/wp-json\/wp\/v2\/pages\/47\/revisions\/6039"}],"wp:attachment":[{"href":"https:\/\/katzjaeger.at\/webshop\/wp-json\/wp\/v2\/media?parent=47"}],"curies":[{"name":"wp","href":"https:\/\/api.w.org\/{rel}","templated":true}]}}