


{"id":60,"date":"2018-04-08T11:56:14","date_gmt":"2018-04-08T09:56:14","guid":{"rendered":"https:\/\/camping.katzjaeger.at\/?page_id=60"},"modified":"2018-05-17T09:05:07","modified_gmt":"2018-05-17T07:05:07","slug":"datenschutzerklaerung","status":"publish","type":"page","link":"https:\/\/katzjaeger.at\/webshop\/datenschutzerklaerung\/","title":{"rendered":"Datenschutzerkl\u00e4rung"},"content":{"rendered":"<p><strong>Datenschutzerkl\u00e4rung B\u00e4ckerei Katzj\u00e4ger<\/strong><\/p>\n<p><strong>1. Rechtsgrundlage <\/strong><\/p>\n<p><strong>1.1. <\/strong>Die EU-Datenschutz-Grundverordnung, das Datenschutzgesetz 2000 sowie das Daten-schutz-Anpassungsgesetz 2018 dienen dem Recht auf Schutzpersonenbezogener Daten. Wir verarbeiten Ihre Daten ausschlie\u00dflich auf Grundlage der gesetzlichen Bestimmungen (DSGVO, DSG 2018, TKG 2003).<\/p>\n<p><strong>2.\u00a0<\/strong><strong>Grunds\u00e4tzliches <\/strong><\/p>\n<p><strong>2.1. <\/strong>Verantwortlicher ist <em><u>Franz Katzj\u00e4ge<\/u>r, <u>8552 Eibiswald 28<\/u><\/em><\/p>\n<p><strong>2.3. <\/strong>Datenschutzbeauftragter ist\u00a0 <em><u>Franz Katzj\u00e4ger 8552 Eibiswald.<\/u><\/em><\/p>\n<p><strong>2.4. <\/strong>Uns ist es ein besonderes Anliegen, alle personenbezogenen Daten, die Sie uns anvertrauen, zu sch\u00fctzen und sicher zu verwahren. In diesem Dokument erfahren Sie mehr dar\u00fcber, wie wir Ihre personenbezogenen Daten verwenden und verarbeiten.<\/p>\n<p><strong>3. Zweckbindung, Rechtsgrundlage, Speicherdauer sowie Datenempf\u00e4nger <\/strong><\/p>\n<p><strong>3.1. <\/strong>Die gesammelten personenbezogenen Daten ben\u00f6tigen wir f\u00fcr die<em> Vertragserf\u00fcllung. <\/em>Die Daten werden f\u00fcr die erhaltene Bezahlung sowie f\u00fcr die Zustellung der Waren und f\u00fcr unser Kundenservice erhoben, gespeichert, verarbeitet und genutzt.<\/p>\n<p><strong>3.2. <\/strong>Die rechtlichen Grundlagen f\u00fcr die Verarbeitung von Ihren personenbezogenen Daten sind einerseits Vertragserf\u00fcllung (<em>Onlineeinkauf<\/em>), berechtigte Interessen, die Erf\u00fcllung unserer rechtlichen bzw. vertraglichen Verpflichtungen sowie andererseits Ihre Einwilligung (<em>zB Kontaktformular, Newsletter, Cookies<\/em>). Die Nichtbereitstellung der Daten kann unterschiedliche Folgen haben.<\/p>\n<p><strong>3.4. <\/strong>Wir verarbeiten Ihre personenbezogenen Daten die Sie im Bestellvorgang bekannt geben, f\u00fcr die Dauer der gesamten Gesch\u00e4ftsbeziehung (von der Anbahnung, Abwicklung bis zur Beendigung eines Vertrags) sowie dar\u00fcber hinaus gem\u00e4\u00df den gesetzlichen Aufbewahrungs-<\/p>\n<p>und Dokumentationspflichten, die sich ua aus dem Unternehmensgesetzbuch (UGB), der Bundesabgabenordnung (BAO) ergeben sowie bis zur Beendigung eines allf\u00e4lligen Rechtsstreits, fortlaufender Gew\u00e4hrleistungs- und Garantiefristen usw.<\/p>\n<p><strong>3.5. <\/strong>Der Online-Shop \u201ecamping.katzjaeger.at wird direkt von der Firma Katzj\u00e4ger betrieben und verwaltet.<\/p>\n<p><strong>3.6. <\/strong>Daten werden nicht an Dritte weitergegeben.<\/p>\n<p><strong>3.7. <\/strong>Die Datenverarbeitung erfolgt auf Basis der gesetzlichen Bestimmungen des \u00a7 96 Abs 3 TKG sowie des Art 6 Abs 1 lit a (Einwilligung) DSGVO.<\/p>\n<p><strong>5. TLS-Verschl\u00fcsselung mit https<\/strong><\/p>\n<p>Wir verwenden https um Daten abh\u00f6rsicher im Internet zu \u00fcbertragen. Durch den Einsatz von TLS (Transport Layer Security), einem Verschl\u00fcsselungsprotokoll zur sicheren Daten\u00fcbertragung im Internet k\u00f6nnen wir den Schutz vertraulicher Daten sicherstellen. Sie erkennen die Benutzung dieser Absicherung der Daten\u00fcbertragung am kleinen Schlo\u00dfsymbol links oben im Browser und der Verwendung des Schemas https als Teil unserer Internetadresse.<\/p>\n<p><strong>6. Onlineeinkauf <\/strong><\/p>\n<p><strong>6.1. <\/strong>Wir weisen darauf hin, dass zum Zweck des einfacheren Einkaufsvorganges und zur sp\u00e4teren Vertragsabwicklung vom Webshop-Betreiber <em><u>B\u00e4ckerei Katzj\u00e4ger<\/u> <\/em>im Rahmen von Cookies die IP-Daten des Anschlussinhabers gespeichert werden, ebenso wie Name, Anschrift, Telefonnummer, E-Mail Adresse und Kreditkartennummer des K\u00e4ufers. Dar\u00fcber hinaus werden von uns keine weiteren Daten gespeichert.<\/p>\n<p><strong>6.2. <\/strong>Eine \u00dcbermittlung der im Bestellformular erhobenen Daten erfolgt an den<em> abwickelnden Zahlungsdienstleister \u00a0<strong><u>S t ri p e<\/u><\/strong> <\/em>zum Zweck <em>der Abbuchung des Einkaufspreises und an unseren Steuerberater <\/em>zum Zweck <em>der Erf\u00fcllung unserer steuer-rechtlichen Verpflichtungen. <\/em>Diese haben sich zur Einhaltung der geltenden datenschutz-rechtlichen Bestimmungen uns gegen\u00fcber verpflichtet. Es wurde ein Auftragsverarbeitungsvertrag gem\u00e4\u00df Art 28 DSGVO abgeschlossen.<\/p>\n<p><strong>6.3. <\/strong>Die Datenverarbeitung erfolgt auf Basis der gesetzlichen Bestimmungen des \u00a7 96 Abs 3 TKG sowie des Art 6 DSGVO (insbesondere Einwilligung und\/oder Notwendigkeit der Vertragserf\u00fcllung).<\/p>\n<p><strong>7. Cookies, andere <\/strong>Tracking Tools <strong>sowie Web-Analyse<\/strong><\/p>\n<p><strong>7.0.<\/strong> Diese Website benutzt\u00a0<a href=\"http:\/\/wordpress.org\/extend\/plugins\/stats\/\">WordPress.com-Stats<\/a>, ein Tool zur statistischen Auswertung der Besucherzugriffe, betrieben von\u00a0<a href=\"http:\/\/automattic.com\/\">Automattic<\/a>\u00a0Inc., 60 29th Street #343, San Francisco, CA 94110-4929, USA,\u00a0unter Einsatz der Trackingtechnologie von\u00a0<a href=\"http:\/\/www.quantcast.com\/\">Quantcast<\/a>\u00a0Inc.,\u00a0201 3rd St, Floor 2, San Francisco, CA 94103-3153, USA. WordPress.com-Stats\u00a0\u00a0verwendet sog. \u201eCookies\u201c, Textdateien, die auf Ihrem Computer gespeichert werden und die eine Analyse der Benutzung der Website durch Sie erm\u00f6glichen.\u00a0Die durch den Cookie erzeugten Informationen \u00fcber Ihre Benutzung dieses Internetangebotes werden auf einem Server in den USA gespeichert.\u00a0Die IP-Adresse wird sofort nach der Verarbeitung und vor deren Speicherung anonymisiert.\u00a0Sie k\u00f6nnen die Installation der Cookies durch eine entsprechende Einstellung Ihrer Browser-Software verhindern; wir weisen Sie jedoch darauf hin, dass Sie in diesem Fall gegebenenfalls nicht s\u00e4mtliche Funktionen dieser Website vollumf\u00e4nglich nutzen k\u00f6nnen. Sie k\u00f6nnen der Erhebung und Nutzung der Daten durch Quantcast mit Wirkung f\u00fcr die Zukunft widersprechen, indem Sie an dieser Stelle durch einen Klick auf den Link \u201eClick here to opt-out\u201c\u00a0ein Opt-Out-Cookie in Ihrem Browser setzen:\u00a0<a href=\"http:\/\/www.quantcast.com\/opt-out\">http:\/\/www.quantcast.com\/opt-out<\/a>.\u00a0Sollten Sie alle Cookies auf Ihrem Rechner l\u00f6schen, m\u00fcssen Sie das Opt-Out-Cookie erneut setzen.<\/p>\n<p><strong>7.1. <\/strong>Cookies, andere Tracking-Technologien sowie Funktionen des Webanalysedienstes <em>\u00a0<\/em>k\u00f6nnen auf unserer Internetplattform auf vielf\u00e4ltige Art und Weise zum Einsatz kommen. Cookies sind kleine Textinformationen, die eine Wiedererkennung des Nutzers und eine Analyse Ihrer Nut-zung unserer Websites m\u00f6glich machen. Die dadurch erzeugten Informationen werden auf den Server des Anbieters \u00fcbertragen und dort gespeichert. Sie dienen dazu, unsere In-ternetpr\u00e4senz insgesamt nutzerfreundlicher, effektiver sowie sicherer zu machen. Zudem dienen Cookies zur Messung der H\u00e4ufigkeit von Seitenaufrufen und zur allgemeinen Navigation.<\/p>\n<p><strong>7.2. <\/strong>Durch die Nutzung unserer Website willigen Sie damit ein, dass wir Cookies setzen. Sie k\u00f6nnen in Ihren Browsereinstellungen die Annahme von Cookies verweigern. Wie dies im Einzelnen funktioniert, entnehmen Sie bitte der Anleitung Ihres Browser-Herstellers. Wenn Sie sich gegen bestimmte technische und\/oder funktionelle Cookies entscheiden,<\/p>\n<p>k\u00f6nnte die Funktionalit\u00e4t unserer Website eventuell eingeschr\u00e4nkt werden. Einige Cookies bleiben auf Ihrem Endger\u00e4t gespeichert, bis Sie diese l\u00f6schen.<\/p>\n<p><strong>7.3. <\/strong>Wir haben mit dem Anbieter einen entsprechenden Vertrag zur Auftragsdatenverarbeitung abgeschlossen. Diese haben sich zur Einhaltung der geltenden datenschutzrechtlichen Bestimmungen uns gegen\u00fcber verpflichtet.<\/p>\n<p><strong>7.5. [<\/strong><em>Bei au\u00dfereurop\u00e4ischen Anbietern] <\/em>Die Beziehung zum Webanalyseanbieter basiert auf <em>[zB Standardvertragsklauseln\/einem Angemessenheitsbeschluss der Europ\u00e4ischen Kom-mission]. <\/em><\/p>\n<p><strong>7.6. <\/strong>Die Datenverarbeitung erfolgt auf Basis der gesetzlichen Bestimmungen des \u00a7 96 Abs 3 TKG sowie des Art 6 DSGVO (insbesondere Einwilligung). Da uns die Privatsph\u00e4re unse-rer Nutzer wichtig ist, werden die Nutzerdaten pseudonymisiert<em>. <\/em><\/p>\n<p><strong>8<\/strong><strong>. Einwilligung und Recht auf Widerruf <\/strong><\/p>\n<p><strong>8.1. <\/strong>Ist f\u00fcr die Verarbeitung Ihrer Daten Ihre Zustimmung notwendig, verarbeiten wir diese erst nach Ihrer ausdr\u00fccklichen Zustimmung.<\/p>\n<p><strong>8.2. <\/strong>Grunds\u00e4tzlich verarbeiten wir keine Daten minderj\u00e4hriger Personen und sind dazu auch nicht befugt. Mit der Abgabe Ihrer Zustimmung best\u00e4tigen Sie, dass Sie das 14. Lebens-jahr vollendet haben oder die Zustimmung Ihres gesetzlichen Vertreters vorliegt.<\/p>\n<p><strong>8.3. <\/strong>Ihre Zustimmung k\u00f6nnen Sie jederzeit unter folgender E-Mail Adresse widerrufen: <em>[baeckerei@katzjaeger.at]<\/em>. In einem solchen Fall werden die bisher \u00fcber Sie gespeicherten Daten anonymisiert und in weiterer Folge lediglich f\u00fcr statistische Zwecke ohne Personenbezug weiter-verwendet. Mittels des Widerrufs der Zustimmung wird die Rechtm\u00e4\u00dfigkeit der aufgrund der Zustimmung bis zum Widerruf erfolgten Verarbeitung nicht ber\u00fchrt.<\/p>\n<p><strong>9. Datensicherheit <\/strong><\/p>\n<p><strong>9.1. <\/strong><em>Die B\u00e4ckerei Katzj\u00e4ger <\/em>setzt technische und organisatorische Sicherheitsma\u00dfnahmen ein, um die gespeicherten personenbezogenen Daten gegen zuf\u00e4llige oder vors\u00e4tzliche Manipulation, Verlust oder Zerst\u00f6rung und gegen den Zugriff unberechtigter Personen zu sch\u00fctzen. Unsere Sicherheitsma\u00dfnahmen werden entsprechend des technischen Fort-schritts fortlaufend verbessert.<\/p>\n<p><strong>10. Ihre Rechte <\/strong><\/p>\n<p><strong>10.1. <\/strong>Sie haben jederzeit das Recht auf Auskunft seitens des Verantwortlichen <em>Franz Katzj\u00e4ger <\/em>\u00fcber die betreffenden personenbezogenen Daten. Soweit keine gesetzliche Aufbewahrungspflicht besteht, haben Sie das Recht auf L\u00f6schung dieser Daten sowie Wider-spruch gegen die Verarbeitung. Ferner haben Sie das Recht auf Berichtigung der Daten sowie auf Einschr\u00e4nkung der Verarbeitung, auf Daten\u00fcbertragbarkeit sowie auf Be-schwerde bei der \u00d6sterreichischen Datenschutzbeh\u00f6rde (Wickenburggasse 8-10, 1080 Wien, E-Mail: dsb@dsb.gv.at).<\/p>\n<p><strong>10.2. <\/strong>Wenden Sie sich bez\u00fcglich Ihrer Rechte bitte an uns unter <em>[baeckerei@katzjaeger.at] <\/em>oder schreiben Sie an:<\/p>\n<p>&nbsp;<\/p>\n<p>&nbsp;<\/p>\n<p><em>B\u00e4ckerei Katzj\u00e4ger<\/em><\/p>\n<p><em>Franz Katzj\u00e4ger<\/em><\/p>\n<p><em>Eibiswald 28<\/em><\/p>\n<p><em>8552 Eibiswald \u00a0<\/em><\/p>\n","protected":false},"excerpt":{"rendered":"<p>Datenschutzerkl\u00e4rung B\u00e4ckerei Katzj\u00e4ger 1. Rechtsgrundlage 1.1. Die EU-Datenschutz-Grundverordnung, das Datenschutzgesetz 2000 sowie das Daten-schutz-Anpassungsgesetz 2018 dienen dem Recht auf Schutzpersonenbezogener Daten. Wir verarbeiten Ihre Daten ausschlie\u00dflich auf Grundlage der gesetzlichen Bestimmungen (DSGVO, DSG 2018, TKG 2003). 2.\u00a0Grunds\u00e4tzliches 2.1. Verantwortlicher ist Franz Katzj\u00e4ger, 8552 Eibiswald 28 2.3. Datenschutzbeauftragter ist\u00a0 Franz Katzj\u00e4ger 8552 Eibiswald. 2.4. Uns ist&#8230;<\/p>\n","protected":false},"author":1,"featured_media":0,"parent":0,"menu_order":0,"comment_status":"closed","ping_status":"closed","template":"","meta":{"footnotes":""},"class_list":["post-60","page","type-page","status-publish","hentry"],"_links":{"self":[{"href":"https:\/\/katzjaeger.at\/webshop\/wp-json\/wp\/v2\/pages\/60","targetHints":{"allow":["GET"]}}],"collection":[{"href":"https:\/\/katzjaeger.at\/webshop\/wp-json\/wp\/v2\/pages"}],"about":[{"href":"https:\/\/katzjaeger.at\/webshop\/wp-json\/wp\/v2\/types\/page"}],"author":[{"embeddable":true,"href":"https:\/\/katzjaeger.at\/webshop\/wp-json\/wp\/v2\/users\/1"}],"replies":[{"embeddable":true,"href":"https:\/\/katzjaeger.at\/webshop\/wp-json\/wp\/v2\/comments?post=60"}],"version-history":[{"count":0,"href":"https:\/\/katzjaeger.at\/webshop\/wp-json\/wp\/v2\/pages\/60\/revisions"}],"wp:attachment":[{"href":"https:\/\/katzjaeger.at\/webshop\/wp-json\/wp\/v2\/media?parent=60"}],"curies":[{"name":"wp","href":"https:\/\/api.w.org\/{rel}","templated":true}]}}